{"id":2004,"date":"2025-05-20T12:09:22","date_gmt":"2025-05-20T12:09:22","guid":{"rendered":"https:\/\/valensigroup.com\/?page_id=2004"},"modified":"2025-05-20T12:12:04","modified_gmt":"2025-05-20T12:12:04","slug":"about","status":"publish","type":"page","link":"https:\/\/valensigroup.com\/fr\/about\/","title":{"rendered":"\u00c0 propos de"},"content":{"rendered":"\t\t<div data-elementor-type=\"wp-page\" data-elementor-id=\"2004\" class=\"elementor elementor-2004\" data-elementor-post-type=\"page\">\n\t\t\t\t<div class=\"elementor-element elementor-element-5cf7a8c e-flex e-con-boxed e-con e-parent\" data-id=\"5cf7a8c\" data-element_type=\"container\" data-e-type=\"container\">\n\t\t\t\t\t<div class=\"e-con-inner\">\n\t\t<div class=\"elementor-element elementor-element-ae424f2 e-con-full e-flex e-con e-child\" data-id=\"ae424f2\" data-element_type=\"container\" data-e-type=\"container\">\n\t\t\t\t<div class=\"elementor-element elementor-element-62cf232 elementor-widget elementor-widget-heading bdevs-el heading\" data-id=\"62cf232\" data-element_type=\"widget\" data-e-type=\"widget\" data-settings=\"{&quot;design_style&quot;:&quot;style_1&quot;}\" data-widget_type=\"heading.default\">\n\t\t\t\t<div class=\"elementor-widget-container\">\n\t\t\t\t\t        \n                            <div class=\"section__title section__title-3 wow fadeInUp2 bdevs-el-content\" data-wow-delay=\".2s\">\n                                        <h2 class=\"section-title bdevs-el-title \">\u00c0 propos de notre entreprise<\/h2>                                    <\/div>\n                    \n\t\t\t\t<\/div>\n\t\t\t\t<\/div>\n\t\t\t\t<\/div>\n\t\t\t\t\t<\/div>\n\t\t\t\t<\/div>\n\t\t<div class=\"elementor-element elementor-element-e65f8d2 e-flex e-con-boxed e-con e-parent\" data-id=\"e65f8d2\" data-element_type=\"container\" data-e-type=\"container\">\n\t\t\t\t\t<div class=\"e-con-inner\">\n\t\t<div class=\"elementor-element elementor-element-29f963b e-con-full e-flex e-con e-child\" data-id=\"29f963b\" data-element_type=\"container\" data-e-type=\"container\">\n\t\t\t\t<div class=\"elementor-element elementor-element-cd03740 elementor-widget elementor-widget-text-editor\" data-id=\"cd03740\" data-element_type=\"widget\" data-e-type=\"widget\" data-widget_type=\"text-editor.default\">\n\t\t\t\t<div class=\"elementor-widget-container\">\n\t\t\t\t\t\t\t\t\t<p>Le groupe valensi a vu le jour en Isra\u00ebl dans le courant de l&rsquo;ann\u00e9e 2009.<\/p><p>Il a \u00e9t\u00e9 cr\u00e9\u00e9 sur la base de principes de moralit\u00e9 et de rigueur qui ont gouvern\u00e9 les activit\u00e9s ant\u00e9rieures de la famille au cours des g\u00e9n\u00e9rations pr\u00e9c\u00e9dentes, et dont on retrouve la trace sur plus de cent ans.<\/p><p>D\u00e8s ses d\u00e9buts, le Groupe Valensi s&rsquo;est fix\u00e9 comme objectif d\u2019imposer en Isra\u00ebl les crit\u00e8res et les standards internationaux en vigueur dans le domaine de l\u2019immobilier et de les appliquer \u00e0 ses propres projets en Isra\u00ebl, et ce pour r\u00e9pondre en priorit\u00e9 aux souhaits des clients, qui r\u00e9sidant hors d\u2019Isra\u00ebl, b\u00e9n\u00e9ficiaient d\u00e9j\u00e0 pour leur r\u00e9sidence de standards aussi \u00e9lev\u00e9s.<\/p><p>Dans le m\u00eame temps, l\u2019accent \u00e9tait mis sur la transparence la plus absolue quant aux conditions juridiques et financi\u00e8res.<\/p><p>Pour ce faire il a \u00e9t\u00e9 mis \u00e0 la disposition des clients potentiels toute l\u2019infrastructure de gestion rigoureuse ainsi que l\u2019exp\u00e9rience professionnelle acquises par les dirigeants du groupe en Isra\u00ebl.<\/p><p>C\u2019est donc sur ces bases qu&rsquo;ont \u00e9t\u00e9 con\u00e7ues les activit\u00e9s du groupe, qui privil\u00e9gie l\u2019immobilier \u00a0entre partenaires \u00e0 l\u2019instar de l\u2019immobilier entre soci\u00e9t\u00e9s, et qui situe donc le client ou le partenaire \u00a0au centre des op\u00e9rations, mettant \u00e0 sa disposition tous les appuis et les contacts dont il dispose de mani\u00e8re \u00e0 lui fournir les solutions optimis\u00e9es dans toutes la mesure du possible, et dans le souci de pr\u00e9server sa tranquillit\u00e9 d&rsquo;esprit.<\/p><p>Cette fa\u00e7on de proc\u00e9der se retrouve dans toutes les activit\u00e9s du groupe parmi lesquelles on peut citer\u00a0:<\/p><ul><li>La promotion immobili\u00e8re<\/li><li>La promotion immobili\u00e8re en compagnie d\u2019investisseurs et de partenaires.<\/li><li>Les projets dit &lt;Tama 38 &gt; dans le cadre du syst\u00e8me &lt; PINOUY BINOUY r\u00e9novation du parc immobilier de la ville<\/li><li>La constitution de groupe d\u2019acquisitions immobilieres.<\/li><li>L\u2019accompagnement et le suivi des projets immobiliers<\/li><li>La gestion des projets, de l\u2019\u00e9laboration des plans jusqu&rsquo;\u00e0 la remise des cl\u00e9s<\/li><\/ul><p>Le groupe, compte tenu de sa r\u00e9putation qu&rsquo;il tient essentiellement \u00e0 pr\u00e9server, se sent \u00e0 chaque fois responsable aupr\u00e8s du client ou de l\u2019investisseur de la bonne fin du projet.<\/p>\t\t\t\t\t\t\t\t<\/div>\n\t\t\t\t<\/div>\n\t\t\t\t<\/div>\n\t\t<div class=\"elementor-element elementor-element-6989a71 e-con-full e-flex e-con e-child\" data-id=\"6989a71\" data-element_type=\"container\" data-e-type=\"container\">\n\t\t\t\t<div class=\"elementor-element elementor-element-b7fb9a2 elementor-widget elementor-widget-image\" data-id=\"b7fb9a2\" data-element_type=\"widget\" data-e-type=\"widget\" data-widget_type=\"image.default\">\n\t\t\t\t<div class=\"elementor-widget-container\">\n\t\t\t\t\t\t\t\t\t\t\t\t\t\t\t<img fetchpriority=\"high\" decoding=\"async\" width=\"625\" height=\"861\" src=\"https:\/\/valensigroup.com\/wp-content\/uploads\/2025\/05\/night_gad-mahnes-final-v2.webp\" class=\"attachment-large size-large wp-image-1562\" alt=\"\" srcset=\"https:\/\/valensigroup.com\/wp-content\/uploads\/2025\/05\/night_gad-mahnes-final-v2.webp 625w, https:\/\/valensigroup.com\/wp-content\/uploads\/2025\/05\/night_gad-mahnes-final-v2-218x300.webp 218w, https:\/\/valensigroup.com\/wp-content\/uploads\/2025\/05\/night_gad-mahnes-final-v2-600x827.webp 600w\" sizes=\"(max-width: 625px) 100vw, 625px\" \/>\t\t\t\t\t\t\t\t\t\t\t\t\t\t\t<\/div>\n\t\t\t\t<\/div>\n\t\t\t\t<\/div>\n\t\t\t\t\t<\/div>\n\t\t\t\t<\/div>\n\t\t\t\t<\/div>\n\t\t","protected":false},"excerpt":{"rendered":"<p>\u00c0 propos de notre entreprise Le groupe valensi a vu le jour en Isra\u00ebl dans le courant de l&rsquo;ann\u00e9e 2009. Il a \u00e9t\u00e9 cr\u00e9\u00e9 sur la base de principes de moralit\u00e9 et de rigueur qui ont gouvern\u00e9 les activit\u00e9s ant\u00e9rieures de la famille au cours des g\u00e9n\u00e9rations pr\u00e9c\u00e9dentes, et dont on retrouve la trace sur [&hellip;]<\/p>\n","protected":false},"author":1,"featured_media":0,"parent":0,"menu_order":0,"comment_status":"closed","ping_status":"closed","template":"elementor_header_footer","meta":{"_acf_changed":false,"footnotes":""},"class_list":["post-2004","page","type-page","status-publish","hentry"],"acf":[],"_links":{"self":[{"href":"https:\/\/valensigroup.com\/fr\/wp-json\/wp\/v2\/pages\/2004","targetHints":{"allow":["GET"]}}],"collection":[{"href":"https:\/\/valensigroup.com\/fr\/wp-json\/wp\/v2\/pages"}],"about":[{"href":"https:\/\/valensigroup.com\/fr\/wp-json\/wp\/v2\/types\/page"}],"author":[{"embeddable":true,"href":"https:\/\/valensigroup.com\/fr\/wp-json\/wp\/v2\/users\/1"}],"replies":[{"embeddable":true,"href":"https:\/\/valensigroup.com\/fr\/wp-json\/wp\/v2\/comments?post=2004"}],"version-history":[{"count":7,"href":"https:\/\/valensigroup.com\/fr\/wp-json\/wp\/v2\/pages\/2004\/revisions"}],"predecessor-version":[{"id":2011,"href":"https:\/\/valensigroup.com\/fr\/wp-json\/wp\/v2\/pages\/2004\/revisions\/2011"}],"wp:attachment":[{"href":"https:\/\/valensigroup.com\/fr\/wp-json\/wp\/v2\/media?parent=2004"}],"curies":[{"name":"wp","href":"https:\/\/api.w.org\/{rel}","templated":true}]}}